{"id":123,"date":"2015-02-17T15:53:20","date_gmt":"2015-02-17T15:53:20","guid":{"rendered":"https:\/\/anjagiese.diegiese.de\/?page_id=123"},"modified":"2024-10-09T18:03:20","modified_gmt":"2024-10-09T16:03:20","slug":"grafikdesign","status":"publish","type":"page","link":"https:\/\/anjagiese.diegiese.de\/?page_id=123","title":{"rendered":"Grafikdesign"},"content":{"rendered":"\n<p>Seit 1997 arbeite ich als Grafikdesignerin und Art-Direktorin. Hier sehen Sie eine Auswahl meiner aktuellen Arbeiten, die aus meinem Studio heraus f\u00fcr diverse Kunden entstehen.<\/p>\n\n\n\n<hr class=\"wp-block-separator has-alpha-channel-opacity is-style-wide\"\/>\n\n\n\n<p>Im Team um Henrik Tesch habe ich f\u00fcr den <strong>Afrika-Verein der Deutschen Wirtschaft <\/strong>anl\u00e4sslich eines Jubil\u00e4ums ein 96-seitiges Magazin entwickelt und gestaltet. Zusammen mit <strong>Catrin Krawinkel<\/strong> als redaktionelle Leiterin und Projektmanagerin haben wir dieses Projekt ohne die \u00fcbliche Hilfe von Redaktionssystemen selbst auf die Beine gestellt. <br>Die Fotoredaktion in diesem Projekt hat <strong>Tanja Foley<\/strong> \u00fcbernommen.<\/p>\n\n\n\n<figure class=\"wp-block-image size-large is-resized\"><img loading=\"lazy\" decoding=\"async\" width=\"1024\" height=\"643\" src=\"https:\/\/anjagiese.diegiese.de\/wp-content\/uploads\/2024\/10\/02_Titel_KPMG-1024x643.jpg\" alt=\"\" class=\"wp-image-871\" style=\"width:620px;height:auto\" srcset=\"https:\/\/anjagiese.diegiese.de\/wp-content\/uploads\/2024\/10\/02_Titel_KPMG-1024x643.jpg 1024w, https:\/\/anjagiese.diegiese.de\/wp-content\/uploads\/2024\/10\/02_Titel_KPMG-300x188.jpg 300w, https:\/\/anjagiese.diegiese.de\/wp-content\/uploads\/2024\/10\/02_Titel_KPMG-768x482.jpg 768w, https:\/\/anjagiese.diegiese.de\/wp-content\/uploads\/2024\/10\/02_Titel_KPMG-1536x965.jpg 1536w, https:\/\/anjagiese.diegiese.de\/wp-content\/uploads\/2024\/10\/02_Titel_KPMG-2048x1286.jpg 2048w\" sizes=\"auto, (max-width: 1024px) 100vw, 1024px\" \/><\/figure>\n\n\n\n<figure class=\"wp-block-image size-large\"><img loading=\"lazy\" decoding=\"async\" width=\"1024\" height=\"708\" src=\"https:\/\/anjagiese.diegiese.de\/wp-content\/uploads\/2024\/10\/05_2DS_VW_Sysmex-1024x708.jpg\" alt=\"\" class=\"wp-image-874\" srcset=\"https:\/\/anjagiese.diegiese.de\/wp-content\/uploads\/2024\/10\/05_2DS_VW_Sysmex-1024x708.jpg 1024w, https:\/\/anjagiese.diegiese.de\/wp-content\/uploads\/2024\/10\/05_2DS_VW_Sysmex-300x207.jpg 300w, https:\/\/anjagiese.diegiese.de\/wp-content\/uploads\/2024\/10\/05_2DS_VW_Sysmex-768x531.jpg 768w, https:\/\/anjagiese.diegiese.de\/wp-content\/uploads\/2024\/10\/05_2DS_VW_Sysmex-1536x1061.jpg 1536w, https:\/\/anjagiese.diegiese.de\/wp-content\/uploads\/2024\/10\/05_2DS_VW_Sysmex-2048x1415.jpg 2048w\" sizes=\"auto, (max-width: 1024px) 100vw, 1024px\" \/><\/figure>\n\n\n\n<figure class=\"wp-block-image size-large\"><img loading=\"lazy\" decoding=\"async\" width=\"768\" height=\"1024\" src=\"https:\/\/anjagiese.diegiese.de\/wp-content\/uploads\/2024\/10\/01_Titel_mit-Frau-768x1024.jpg\" alt=\"\" class=\"wp-image-872\" srcset=\"https:\/\/anjagiese.diegiese.de\/wp-content\/uploads\/2024\/10\/01_Titel_mit-Frau-768x1024.jpg 768w, https:\/\/anjagiese.diegiese.de\/wp-content\/uploads\/2024\/10\/01_Titel_mit-Frau-225x300.jpg 225w, https:\/\/anjagiese.diegiese.de\/wp-content\/uploads\/2024\/10\/01_Titel_mit-Frau-1152x1536.jpg 1152w, https:\/\/anjagiese.diegiese.de\/wp-content\/uploads\/2024\/10\/01_Titel_mit-Frau-1536x2048.jpg 1536w, https:\/\/anjagiese.diegiese.de\/wp-content\/uploads\/2024\/10\/01_Titel_mit-Frau-scaled.jpg 1920w\" sizes=\"auto, (max-width: 768px) 100vw, 768px\" \/><\/figure>\n\n\n\n<hr class=\"wp-block-separator has-css-opacity is-style-wide\"\/>\n\n\n\n<p>F\u00fcr das <strong>Forum Moderne Landwirtschaft<\/strong> habe ich in 2020 das Magazin <strong>Stadt. Land. Wissen.<\/strong> entwickelt und setze es regelm\u00e4\u00dfig in neue Ausgaben um. Ein tolles Projekt \u2013 und wie immer lerne ich viel dazu, dieses Mal \u00fcber Landwirtschaft. Ich freue mich, bei diesem Projekt dabei sein zu k\u00f6nnen!<\/p>\n\n\n\n<figure class=\"wp-block-image size-full is-style-default\"><img loading=\"lazy\" decoding=\"async\" width=\"885\" height=\"709\" src=\"https:\/\/anjagiese.diegiese.de\/wp-content\/uploads\/2024\/01\/Hefte_01-09.jpg\" alt=\"\" class=\"wp-image-831\" srcset=\"https:\/\/anjagiese.diegiese.de\/wp-content\/uploads\/2024\/01\/Hefte_01-09.jpg 885w, https:\/\/anjagiese.diegiese.de\/wp-content\/uploads\/2024\/01\/Hefte_01-09-300x240.jpg 300w, https:\/\/anjagiese.diegiese.de\/wp-content\/uploads\/2024\/01\/Hefte_01-09-768x615.jpg 768w\" sizes=\"auto, (max-width: 885px) 100vw, 885px\" \/><\/figure>\n\n\n\n<figure class=\"wp-block-image size-large is-style-default\"><img loading=\"lazy\" decoding=\"async\" width=\"1024\" height=\"731\" src=\"https:\/\/anjagiese.diegiese.de\/wp-content\/uploads\/2021\/04\/4Seiten_offen-1024x731.jpg\" alt=\"\" class=\"wp-image-802\" srcset=\"https:\/\/anjagiese.diegiese.de\/wp-content\/uploads\/2021\/04\/4Seiten_offen-1024x731.jpg 1024w, https:\/\/anjagiese.diegiese.de\/wp-content\/uploads\/2021\/04\/4Seiten_offen-300x214.jpg 300w, https:\/\/anjagiese.diegiese.de\/wp-content\/uploads\/2021\/04\/4Seiten_offen-768x548.jpg 768w, https:\/\/anjagiese.diegiese.de\/wp-content\/uploads\/2021\/04\/4Seiten_offen-1536x1097.jpg 1536w, https:\/\/anjagiese.diegiese.de\/wp-content\/uploads\/2021\/04\/4Seiten_offen-2048x1462.jpg 2048w\" sizes=\"auto, (max-width: 1024px) 100vw, 1024px\" \/><figcaption class=\"wp-element-caption\">Verschiedene Seiten aus den ersten beiden Heften<\/figcaption><\/figure>\n\n\n\n<hr class=\"wp-block-separator has-css-opacity is-style-wide\"\/>\n\n\n\n<p>F\u00fcr Thomas Heilmann (MdB) und Nadine Sch\u00f6n (MdB) konnte ich ein Konzept mit Layout und Infografiken von Anfang bis Ende betreuen.<br>Ein toller Auftrag, auf den ich sehr stolz bin.<br>Das Buch ist in jeder Buchhandlung erh\u00e4ltlich.<\/p>\n\n\n\n<figure class=\"wp-block-image aligncenter size-large is-resized\"><img loading=\"lazy\" decoding=\"async\" width=\"748\" height=\"1024\" src=\"https:\/\/anjagiese.diegiese.de\/wp-content\/uploads\/2020\/07\/978-3-95972-376-3_Vorschau_HiRes_plus-748x1024.jpg\" alt=\"\" class=\"wp-image-779\" style=\"width:213px;height:292px\" srcset=\"https:\/\/anjagiese.diegiese.de\/wp-content\/uploads\/2020\/07\/978-3-95972-376-3_Vorschau_HiRes_plus-748x1024.jpg 748w, https:\/\/anjagiese.diegiese.de\/wp-content\/uploads\/2020\/07\/978-3-95972-376-3_Vorschau_HiRes_plus-219x300.jpg 219w, https:\/\/anjagiese.diegiese.de\/wp-content\/uploads\/2020\/07\/978-3-95972-376-3_Vorschau_HiRes_plus-768x1051.jpg 768w, https:\/\/anjagiese.diegiese.de\/wp-content\/uploads\/2020\/07\/978-3-95972-376-3_Vorschau_HiRes_plus-1122x1536.jpg 1122w, https:\/\/anjagiese.diegiese.de\/wp-content\/uploads\/2020\/07\/978-3-95972-376-3_Vorschau_HiRes_plus-1497x2048.jpg 1497w, https:\/\/anjagiese.diegiese.de\/wp-content\/uploads\/2020\/07\/978-3-95972-376-3_Vorschau_HiRes_plus-scaled.jpg 1871w\" sizes=\"auto, (max-width: 748px) 100vw, 748px\" \/><\/figure>\n\n\n\n<figure class=\"wp-block-image size-large\"><img loading=\"lazy\" decoding=\"async\" width=\"1024\" height=\"864\" src=\"https:\/\/anjagiese.diegiese.de\/wp-content\/uploads\/2020\/07\/Buch-Heilmann2-1024x864.jpg\" alt=\"\" class=\"wp-image-780\" srcset=\"https:\/\/anjagiese.diegiese.de\/wp-content\/uploads\/2020\/07\/Buch-Heilmann2-1024x864.jpg 1024w, https:\/\/anjagiese.diegiese.de\/wp-content\/uploads\/2020\/07\/Buch-Heilmann2-300x253.jpg 300w, https:\/\/anjagiese.diegiese.de\/wp-content\/uploads\/2020\/07\/Buch-Heilmann2-768x648.jpg 768w, https:\/\/anjagiese.diegiese.de\/wp-content\/uploads\/2020\/07\/Buch-Heilmann2-1536x1296.jpg 1536w, https:\/\/anjagiese.diegiese.de\/wp-content\/uploads\/2020\/07\/Buch-Heilmann2.jpg 2025w\" sizes=\"auto, (max-width: 1024px) 100vw, 1024px\" \/><figcaption class=\"wp-element-caption\">Aus dem Inhalt von Neustaat<\/figcaption><\/figure>\n\n\n\n<hr class=\"wp-block-separator has-css-opacity\"\/>\n\n\n<p><a href=\"https:\/\/anjagiese.diegiese.de\/?attachment_id=518\" rel=\"attachment wp-att-518\"><img loading=\"lazy\" decoding=\"async\" class=\" wp-image-518\" src=\"https:\/\/anjagiese.diegiese.de\/wp-content\/uploads\/2017\/08\/Evonik-2.jpg\" alt=\"\" width=\"764\" height=\"611\" srcset=\"https:\/\/anjagiese.diegiese.de\/wp-content\/uploads\/2017\/08\/Evonik-2.jpg 2362w, https:\/\/anjagiese.diegiese.de\/wp-content\/uploads\/2017\/08\/Evonik-2-300x240.jpg 300w, https:\/\/anjagiese.diegiese.de\/wp-content\/uploads\/2017\/08\/Evonik-2-768x614.jpg 768w, https:\/\/anjagiese.diegiese.de\/wp-content\/uploads\/2017\/08\/Evonik-2-1024x819.jpg 1024w\" sizes=\"auto, (max-width: 764px) 100vw, 764px\" \/><\/a><\/p>\n<p>Im Auftrag von Redaktion habe ich das Evonik-Magazin betreuen k\u00f6nnen.<\/p>\n<p><img loading=\"lazy\" decoding=\"async\" class=\"ngg-singlepic ngg-none alignnone\" src=\"https:\/\/anjagiese.diegiese.de\/wp-content\/gallery\/grafikdesign\/results-1.jpg\" alt=\"results Magazin\" width=\"648\" height=\"518\" \/><\/p>\n<p>Ungef\u00e4hr 9 Jahre lang habe ich f\u00fcr Redaktion 4 GmbH die Art-Direktion f\u00fcr das Kundenmagazin einer gro\u00dfen deutschen Bank machen d\u00fcrfen.<\/p>\n<p><img decoding=\"async\" class=\"ngg_displayed_gallery mceItem\" src=\"https:\/\/anjagiese.diegiese.de\/index.php\/nextgen-attach_to_post\/preview\/id--197\" alt=\"\" \/><\/p>\n<figure id=\"attachment_309\" aria-describedby=\"caption-attachment-309\" style=\"width: 766px\" class=\"wp-caption alignnone\"><a href=\"https:\/\/anjagiese.diegiese.de\/?attachment_id=309\" rel=\"attachment wp-att-309\"><img loading=\"lazy\" decoding=\"async\" class=\" wp-image-309\" src=\"https:\/\/anjagiese.diegiese.de\/wp-content\/uploads\/2015\/03\/ajour2.jpg\" alt=\"\" width=\"766\" height=\"613\" srcset=\"https:\/\/anjagiese.diegiese.de\/wp-content\/uploads\/2015\/03\/ajour2.jpg 2362w, https:\/\/anjagiese.diegiese.de\/wp-content\/uploads\/2015\/03\/ajour2-300x240.jpg 300w, https:\/\/anjagiese.diegiese.de\/wp-content\/uploads\/2015\/03\/ajour2-1024x819.jpg 1024w\" sizes=\"auto, (max-width: 766px) 100vw, 766px\" \/><\/a><figcaption id=\"caption-attachment-309\" class=\"wp-caption-text\">Relaunch f\u00fcr ein Magazin f\u00fcr Frauen ab 40. Ebenfalls f\u00fcr Redaktion 4.<\/figcaption><\/figure>\n<p>&nbsp;<\/p>\n<figure id=\"attachment_308\" aria-describedby=\"caption-attachment-308\" style=\"width: 764px\" class=\"wp-caption alignnone\"><a href=\"https:\/\/anjagiese.diegiese.de\/?attachment_id=308\" rel=\"attachment wp-att-308\"><img loading=\"lazy\" decoding=\"async\" class=\" wp-image-308\" src=\"https:\/\/anjagiese.diegiese.de\/wp-content\/uploads\/2015\/03\/TierBild.jpg\" alt=\"\" width=\"764\" height=\"611\" srcset=\"https:\/\/anjagiese.diegiese.de\/wp-content\/uploads\/2015\/03\/TierBild.jpg 2362w, https:\/\/anjagiese.diegiese.de\/wp-content\/uploads\/2015\/03\/TierBild-300x240.jpg 300w, https:\/\/anjagiese.diegiese.de\/wp-content\/uploads\/2015\/03\/TierBild-1024x819.jpg 1024w\" sizes=\"auto, (max-width: 764px) 100vw, 764px\" \/><\/a><figcaption id=\"caption-attachment-308\" class=\"wp-caption-text\">Gestaltung und Artdirektion f\u00fcr das Tiermagazin von Axel Springer. Ich hatte selten so viel Spa\u00df! Im Ernst. Ich wurde daf\u00fcr bezahlt, mit tollen Tierfotos zu arbeiten.<\/figcaption><\/figure>","protected":false},"excerpt":{"rendered":"<p>Seit 1997 arbeite ich als Grafikdesignerin und Art-Direktorin. Hier sehen Sie eine Auswahl meiner aktuellen Arbeiten, die aus meinem Studio heraus f\u00fcr diverse Kunden entstehen. Im Team um Henrik Tesch habe ich f\u00fcr den Afrika-Verein der Deutschen Wirtschaft anl\u00e4sslich eines Jubil\u00e4ums ein 96-seitiges Magazin entwickelt und gestaltet. Zusammen mit Catrin Krawinkel als redaktionelle Leiterin und [&hellip;]<\/p>\n","protected":false},"author":1,"featured_media":0,"parent":117,"menu_order":1,"comment_status":"open","ping_status":"open","template":"","meta":{"footnotes":""},"class_list":["post-123","page","type-page","status-publish","hentry"],"_links":{"self":[{"href":"https:\/\/anjagiese.diegiese.de\/index.php?rest_route=\/wp\/v2\/pages\/123","targetHints":{"allow":["GET"]}}],"collection":[{"href":"https:\/\/anjagiese.diegiese.de\/index.php?rest_route=\/wp\/v2\/pages"}],"about":[{"href":"https:\/\/anjagiese.diegiese.de\/index.php?rest_route=\/wp\/v2\/types\/page"}],"author":[{"embeddable":true,"href":"https:\/\/anjagiese.diegiese.de\/index.php?rest_route=\/wp\/v2\/users\/1"}],"replies":[{"embeddable":true,"href":"https:\/\/anjagiese.diegiese.de\/index.php?rest_route=%2Fwp%2Fv2%2Fcomments&post=123"}],"version-history":[{"count":17,"href":"https:\/\/anjagiese.diegiese.de\/index.php?rest_route=\/wp\/v2\/pages\/123\/revisions"}],"predecessor-version":[{"id":875,"href":"https:\/\/anjagiese.diegiese.de\/index.php?rest_route=\/wp\/v2\/pages\/123\/revisions\/875"}],"up":[{"embeddable":true,"href":"https:\/\/anjagiese.diegiese.de\/index.php?rest_route=\/wp\/v2\/pages\/117"}],"wp:attachment":[{"href":"https:\/\/anjagiese.diegiese.de\/index.php?rest_route=%2Fwp%2Fv2%2Fmedia&parent=123"}],"curies":[{"name":"wp","href":"https:\/\/api.w.org\/{rel}","templated":true}]}}