{"id":12,"date":"2015-01-27T14:40:29","date_gmt":"2015-01-27T14:40:29","guid":{"rendered":"https:\/\/anjagiese.diegiese.de\/?page_id=12"},"modified":"2024-01-05T16:41:39","modified_gmt":"2024-01-05T15:41:39","slug":"kontakt","status":"publish","type":"page","link":"https:\/\/anjagiese.diegiese.de\/?page_id=12","title":{"rendered":"Kontakt | Impressum"},"content":{"rendered":"<h3><strong>Studio Anja Giese<\/strong><\/h3>\n<p class=\"p1\"><span class=\"s1\">Weidenstieg 14, Ladenadresse<\/span><span class=\"s2\"><br \/>\n<\/span><span class=\"s1\">Hamburg<\/span><span class=\"s2\"><br \/>\n<\/span><span class=\"s1\">Deutschland<\/span><\/p>\n<p><span class=\"s1\">Telefon: 01704891179<\/span><span class=\"s2\"><br \/>\n<\/span><span class=\"s1\">E-Mail: mail [at] <a href=\"https:\/\/anjagiese.diegiese.de\"><span class=\"s3\">anjagiese.de<\/span><\/a><\/span><\/p>\n<p class=\"p1\"><span class=\"s1\">USt-IdNr.: DE 298767914<\/span><\/p>\n<p class=\"p2\"><span class=\"s3\"><a href=\"https:\/\/www.ratgeberrecht.eu\/leistungen\/muster-impressum-generator.html\">Impressum-Generator<\/a><\/span><span class=\"s4\">\u00a0der\u00a0<a href=\"https:\/\/www.ratgeberrecht.eu\/\"><span class=\"s5\">Anwaltskanzlei Wei\u00df &amp; Partner<\/span><\/a><\/span><\/p>\n<p class=\"p4\">Ich \u00fcbernehme keine Haftung f\u00fcr die Inhalte auf verlinkten Internetseiten.<\/p>\n","protected":false},"excerpt":{"rendered":"<p>Studio Anja Giese Weidenstieg 14, Ladenadresse Hamburg Deutschland Telefon: 01704891179 E-Mail: mail [at] anjagiese.de USt-IdNr.: DE 298767914 Impressum-Generator\u00a0der\u00a0Anwaltskanzlei Wei\u00df &amp; Partner Ich \u00fcbernehme keine Haftung f\u00fcr die Inhalte auf verlinkten Internetseiten.<\/p>\n","protected":false},"author":1,"featured_media":0,"parent":0,"menu_order":3,"comment_status":"open","ping_status":"open","template":"","meta":{"footnotes":""},"class_list":["post-12","page","type-page","status-publish","hentry"],"_links":{"self":[{"href":"https:\/\/anjagiese.diegiese.de\/index.php?rest_route=\/wp\/v2\/pages\/12","targetHints":{"allow":["GET"]}}],"collection":[{"href":"https:\/\/anjagiese.diegiese.de\/index.php?rest_route=\/wp\/v2\/pages"}],"about":[{"href":"https:\/\/anjagiese.diegiese.de\/index.php?rest_route=\/wp\/v2\/types\/page"}],"author":[{"embeddable":true,"href":"https:\/\/anjagiese.diegiese.de\/index.php?rest_route=\/wp\/v2\/users\/1"}],"replies":[{"embeddable":true,"href":"https:\/\/anjagiese.diegiese.de\/index.php?rest_route=%2Fwp%2Fv2%2Fcomments&post=12"}],"version-history":[{"count":11,"href":"https:\/\/anjagiese.diegiese.de\/index.php?rest_route=\/wp\/v2\/pages\/12\/revisions"}],"predecessor-version":[{"id":838,"href":"https:\/\/anjagiese.diegiese.de\/index.php?rest_route=\/wp\/v2\/pages\/12\/revisions\/838"}],"wp:attachment":[{"href":"https:\/\/anjagiese.diegiese.de\/index.php?rest_route=%2Fwp%2Fv2%2Fmedia&parent=12"}],"curies":[{"name":"wp","href":"https:\/\/api.w.org\/{rel}","templated":true}]}}